{"id":1176,"date":"2024-03-14T19:20:28","date_gmt":"2024-03-14T18:20:28","guid":{"rendered":"https:\/\/www.llacayacebal.com\/?page_id=1176"},"modified":"2024-03-30T19:45:27","modified_gmt":"2024-03-30T18:45:27","slug":"our-history","status":"publish","type":"page","link":"https:\/\/www.llacayacebal.com\/en\/nuestra-historia\/","title":{"rendered":"Our history"},"content":{"rendered":"<style>.elementor-1176 .elementor-element.elementor-element-145e4c4:not(.elementor-motion-effects-element-type-background), .elementor-1176 .elementor-element.elementor-element-145e4c4 > .elementor-motion-effects-container > .elementor-motion-effects-layer{background-color:transparent;background-image:linear-gradient(173deg, #F8F8F8 0%, #FFFFFF 83%);}.elementor-1176 .elementor-element.elementor-element-145e4c4{border-style:none;transition:background 0.3s, border 0.3s, border-radius 0.3s, box-shadow 0.3s;margin-top:0px;margin-bottom:0px;padding:160px 50px 100px 50px;z-index:2;}.elementor-1176 .elementor-element.elementor-element-145e4c4, .elementor-1176 .elementor-element.elementor-element-145e4c4 > .elementor-background-overlay{border-radius:0px 0px 0px 0px;}.elementor-1176 .elementor-element.elementor-element-145e4c4 > .elementor-background-overlay{transition:background 0.3s, border-radius 0.3s, opacity 0.3s;}.elementor-1176 .elementor-element.elementor-element-941f3ab > .elementor-widget-wrap > .elementor-widget:not(.elementor-widget__width-auto):not(.elementor-widget__width-initial):not(:last-child):not(.elementor-absolute){margin-block-end:0px;}.elementor-1176 .elementor-element.elementor-element-941f3ab:not(.elementor-motion-effects-element-type-background) > .elementor-widget-wrap, .elementor-1176 .elementor-element.elementor-element-941f3ab > .elementor-widget-wrap > .elementor-motion-effects-container > .elementor-motion-effects-layer{background-color:#000000;}.elementor-1176 .elementor-element.elementor-element-941f3ab > .elementor-element-populated, .elementor-1176 .elementor-element.elementor-element-941f3ab > .elementor-element-populated > .elementor-background-overlay, .elementor-1176 .elementor-element.elementor-element-941f3ab > .elementor-background-slideshow{border-radius:40px 40px 40px 40px;}.elementor-1176 .elementor-element.elementor-element-941f3ab > .elementor-element-populated{transition:background 0.3s, border 0.3s, border-radius 0.3s, box-shadow 0.3s;margin:0px 0px 0px 0px;--e-column-margin-right:0px;--e-column-margin-left:0px;padding:0px 0px 0px 0px;}.elementor-1176 .elementor-element.elementor-element-941f3ab > .elementor-element-populated > .elementor-background-overlay{transition:background 0.3s, border-radius 0.3s, opacity 0.3s;}.elementor-1176 .elementor-element.elementor-element-ec07adb img{border-radius:40px 40px 0px 0px;}.elementor-1176 .elementor-element.elementor-element-f57292e{text-align:start;width:auto;max-width:auto;}.elementor-1176 .elementor-element.elementor-element-f57292e .elementor-heading-title{font-family:var( --e-global-typography-accent-font-family ), Sans-serif;font-size:var( --e-global-typography-accent-font-size );font-weight:var( --e-global-typography-accent-font-weight );text-transform:var( --e-global-typography-accent-text-transform );color:var( --e-global-color-e911909 );}.elementor-1176 .elementor-element.elementor-element-f57292e > .elementor-widget-container{margin:50px 0px 24px 50px;padding:5px 8px 5px 8px;background-color:var( --e-global-color-b9070c9 );border-radius:3px 3px 3px 3px;}.elementor-1176 .elementor-element.elementor-element-62e086c .elementor-heading-title{font-size:48px;text-transform:none;color:#FFFFFF;}.elementor-1176 .elementor-element.elementor-element-62e086c > .elementor-widget-container{margin:0px 0px 50px 0px;padding:0px 50px 0px 50px;}.elementor-1176 .elementor-element.elementor-element-03460b6{color:#FFFFFF;}.elementor-1176 .elementor-element.elementor-element-03460b6 > .elementor-widget-container{padding:0px 50px 100px 50px;}:root{--page-title-display:none;}@media(max-width:1024px){.elementor-1176 .elementor-element.elementor-element-145e4c4{padding:120px 30px 0px 30px;}.elementor-1176 .elementor-element.elementor-element-f57292e .elementor-heading-title{font-size:var( --e-global-typography-accent-font-size );}}@media(max-width:767px){.elementor-1176 .elementor-element.elementor-element-145e4c4{margin-top:0px;margin-bottom:0px;padding:10px 20px 0px 20px;}.elementor-1176 .elementor-element.elementor-element-f57292e .elementor-heading-title{font-size:var( --e-global-typography-accent-font-size );}.elementor-1176 .elementor-element.elementor-element-f57292e > .elementor-widget-container{margin:50px 00px 5px 20px;padding:5px 5px 5px 5px;}.elementor-1176 .elementor-element.elementor-element-62e086c > .elementor-widget-container{margin:0px 0px 0px 0px;padding:0px 20px 0px 20px;}.elementor-1176 .elementor-element.elementor-element-03460b6 > .elementor-widget-container{padding:30px 20px 50px 20px;}}<\/style>\t\t<div data-elementor-type=\"wp-page\" data-elementor-id=\"1176\" class=\"elementor elementor-1176\" data-elementor-post-type=\"page\">\n\t\t\t\t\t\t<section class=\"elementor-section elementor-top-section elementor-element elementor-element-145e4c4 elementor-section-boxed elementor-section-height-default elementor-section-height-default\" data-id=\"145e4c4\" data-element_type=\"section\" data-e-type=\"section\" data-settings=\"{&quot;background_background&quot;:&quot;gradient&quot;}\">\n\t\t\t\t\t\t<div class=\"elementor-container elementor-column-gap-default\">\n\t\t\t\t\t<div class=\"elementor-column elementor-col-100 elementor-top-column elementor-element elementor-element-941f3ab\" data-id=\"941f3ab\" data-element_type=\"column\" data-e-type=\"column\" data-settings=\"{&quot;background_background&quot;:&quot;classic&quot;}\">\n\t\t\t<div class=\"elementor-widget-wrap elementor-element-populated\">\n\t\t\t\t\t\t<div class=\"elementor-element elementor-element-ec07adb elementor-widget elementor-widget-image\" data-id=\"ec07adb\" data-element_type=\"widget\" data-e-type=\"widget\" data-widget_type=\"image.default\">\n\t\t\t\t<div class=\"elementor-widget-container\">\n\t\t\t\t\t\t\t\t\t\t\t\t\t\t\t<img fetchpriority=\"high\" decoding=\"async\" width=\"2560\" height=\"1195\" src=\"https:\/\/www.llacayacebal.com\/wp-content\/uploads\/2024\/03\/A-7354-1-scaled.jpg\" class=\"attachment-full size-full wp-image-939\" alt=\"Llaca y Acebal Consulting - Llaca Family\" srcset=\"https:\/\/www.llacayacebal.com\/wp-content\/uploads\/2024\/03\/A-7354-1-scaled.jpg 2560w, https:\/\/www.llacayacebal.com\/wp-content\/uploads\/2024\/03\/A-7354-1-300x140.jpg 300w, https:\/\/www.llacayacebal.com\/wp-content\/uploads\/2024\/03\/A-7354-1-1024x478.jpg 1024w, https:\/\/www.llacayacebal.com\/wp-content\/uploads\/2024\/03\/A-7354-1-768x358.jpg 768w, https:\/\/www.llacayacebal.com\/wp-content\/uploads\/2024\/03\/A-7354-1-1536x717.jpg 1536w, https:\/\/www.llacayacebal.com\/wp-content\/uploads\/2024\/03\/A-7354-1-2048x956.jpg 2048w, https:\/\/www.llacayacebal.com\/wp-content\/uploads\/2024\/03\/A-7354-1-18x8.jpg 18w\" sizes=\"(max-width: 2560px) 100vw, 2560px\" \/>\t\t\t\t\t\t\t\t\t\t\t\t\t\t\t<\/div>\n\t\t\t\t<\/div>\n\t\t\t\t<div class=\"elementor-element elementor-element-f57292e elementor-widget__width-auto elementor-widget elementor-widget-heading\" data-id=\"f57292e\" data-element_type=\"widget\" data-e-type=\"widget\" data-widget_type=\"heading.default\">\n\t\t\t\t<div class=\"elementor-widget-container\">\n\t\t\t\t\t<div class=\"elementor-heading-title elementor-size-default\">LLACA &amp; ACEBAL <\/div>\t\t\t\t<\/div>\n\t\t\t\t<\/div>\n\t\t\t\t<div class=\"elementor-element elementor-element-62e086c elementor-widget elementor-widget-heading\" data-id=\"62e086c\" data-element_type=\"widget\" data-e-type=\"widget\" data-widget_type=\"heading.default\">\n\t\t\t\t<div class=\"elementor-widget-container\">\n\t\t\t\t\t<h1 class=\"elementor-heading-title elementor-size-default\">Our history<\/h1>\t\t\t\t<\/div>\n\t\t\t\t<\/div>\n\t\t\t\t<div class=\"elementor-element elementor-element-03460b6 elementor-widget elementor-widget-text-editor\" data-id=\"03460b6\" data-element_type=\"widget\" data-e-type=\"widget\" data-widget_type=\"text-editor.default\">\n\t\t\t\t<div class=\"elementor-widget-container\">\n\t\t\t\t\t\t\t\t\t<p>Firm founded in 1988 by our father Juan Jos\u00e9 Llaca Gonz\u00e1lez, we are the second generation in charge of continuing with this project that, after more than 35 years advising SMEs, self-employed workers and communities of owners, has forged its own values throughout this period.<\/p><p>LLACA &amp; ACEBAL is made up of a small but at the same time great team of people who face their work every day with responsibility, tenacity and ambition. All of us who are dedicated to business activity are aware that the success of our companies is closely linked to the team we surround ourselves with, and for this reason we appreciate their good work, as well as the constant effort they dedicate to their continuous training within a framework current legislation in full evolution and changes.<\/p><p>In a market in which there is greater competition every day, our effort and dedication is rewarded by clients who renew their trust in us every day, as well as in those who decide to undertake their activity and entrust us with their businesses or the Communities. of Homeowners who entrust us with the management of their homes.<\/p><p>As a result of this trust and the desire not only to consolidate ourselves, but also to continue growing in a solid and responsible manner, little by little we have been expanding both our services, facilities and equipment, as well as our territorial presence, with clients spread throughout the country, as well as Spaniards residing abroad who entrust us with their tax, property and legal matters in Spain.<\/p><p>Our multidisciplinary team, made up of a lawyer, economist, accountants and social graduates, allows us to analyze our clients&#039; problems from various angles, and provide solutions that guarantee their interests, with the assurance that they have the support of each one of the branches affected in the matter; aiming that the client has at all times maximum security and tranquility in the adoption of agreements and\/or transactions.<\/p><p>\u00a0<\/p><p><strong>Mission<\/strong><\/p><p>Offer our business advisory and property administration services, with specialization in the accounting, tax, labor and legal areas, providing technical solvency and experience to all our clients.<\/p><p><strong style=\"font-family: var( --e-global-typography-text-font-family ), Sans-serif; font-size: var( --e-global-typography-text-font-size ); letter-spacing: var( --e-global-typography-text-letter-spacing );\">\u00a0<\/strong><\/p><p><strong style=\"font-family: var( --e-global-typography-text-font-family ), Sans-serif; font-size: var( --e-global-typography-text-font-size ); letter-spacing: var( --e-global-typography-text-letter-spacing );\">Values<\/strong><\/p><ul><li>Technical and material solvency for the provision of our services.<\/li><li>Optimization of economic resources for our clients.<\/li><li>Continuous training of our team to learn about legislative developments.<\/li><li>Search for efficiency and effectiveness in the processing of matters.<\/li><li>Confidentiality and professional secrecy.<\/li><\/ul>\t\t\t\t\t\t\t\t<\/div>\n\t\t\t\t<\/div>\n\t\t\t\t\t<\/div>\n\t\t<\/div>\n\t\t\t\t\t<\/div>\n\t\t<\/section>\n\t\t\t\t<\/div>","protected":false},"excerpt":{"rendered":"<p>LLACA &#038; ACEBAL Nuestra historia Despacho fundado en 1.988 por nuestro padre Juan Jos\u00e9 Llaca Gonz\u00e1lez, somos la segunda generaci\u00f3n encargada de continuar con este proyecto que tras m\u00e1s de 35 a\u00f1os asesorando a PYMES, aut\u00f3nomos y comunidades de propietarios, ha forjado a lo largo de este per\u00edodo sus propios valores. LLACA &amp; ACEBAL est\u00e1 [&hellip;]<\/p>\n","protected":false},"author":1,"featured_media":0,"parent":0,"menu_order":2,"comment_status":"closed","ping_status":"closed","template":"","meta":{"footnotes":""},"class_list":["post-1176","page","type-page","status-publish","hentry"],"yoast_head":"<!-- This site is optimized with the Yoast SEO plugin v27.4 - https:\/\/yoast.com\/product\/yoast-seo-wordpress\/ -->\n<title>Nuestra historia - Llaca &amp; Acebal Asesor\u00eda<\/title>\n<meta name=\"description\" content=\"Conoce la historia, misi\u00f3n y valores de Llaca &amp; Acebal\" \/>\n<meta name=\"robots\" content=\"index, follow, max-snippet:-1, max-image-preview:large, max-video-preview:-1\" \/>\n<link rel=\"canonical\" href=\"https:\/\/www.llacayacebal.com\/en\/our-history\/\" \/>\n<meta property=\"og:locale\" content=\"en_US\" \/>\n<meta property=\"og:type\" content=\"article\" \/>\n<meta property=\"og:title\" content=\"Nuestra historia - Llaca &amp; Acebal Asesor\u00eda\" \/>\n<meta property=\"og:description\" content=\"Conoce la historia, misi\u00f3n y valores de Llaca &amp; Acebal\" \/>\n<meta property=\"og:url\" content=\"https:\/\/www.llacayacebal.com\/en\/our-history\/\" \/>\n<meta property=\"og:site_name\" content=\"Llaca &amp; Acebal Asesor\u00eda\" \/>\n<meta property=\"article:modified_time\" content=\"2024-03-30T18:45:27+00:00\" \/>\n<meta property=\"og:image\" content=\"https:\/\/www.llacayacebal.com\/wp-content\/uploads\/2024\/03\/A-7354-1-scaled.jpg\" \/>\n<meta name=\"twitter:card\" content=\"summary_large_image\" \/>\n<script type=\"application\/ld+json\" class=\"yoast-schema-graph\">{\"@context\":\"https:\\\/\\\/schema.org\",\"@graph\":[{\"@type\":\"WebPage\",\"@id\":\"https:\\\/\\\/www.llacayacebal.com\\\/nuestra-historia\\\/\",\"url\":\"https:\\\/\\\/www.llacayacebal.com\\\/nuestra-historia\\\/\",\"name\":\"Nuestra historia - Llaca &amp; Acebal Asesor\u00eda\",\"isPartOf\":{\"@id\":\"https:\\\/\\\/www.llacayacebal.com\\\/#website\"},\"primaryImageOfPage\":{\"@id\":\"https:\\\/\\\/www.llacayacebal.com\\\/nuestra-historia\\\/#primaryimage\"},\"image\":{\"@id\":\"https:\\\/\\\/www.llacayacebal.com\\\/nuestra-historia\\\/#primaryimage\"},\"thumbnailUrl\":\"https:\\\/\\\/www.llacayacebal.com\\\/wp-content\\\/uploads\\\/2024\\\/03\\\/A-7354-1-scaled.jpg\",\"datePublished\":\"2024-03-14T18:20:28+00:00\",\"dateModified\":\"2024-03-30T18:45:27+00:00\",\"description\":\"Conoce la historia, misi\u00f3n y valores de Llaca & Acebal\",\"breadcrumb\":{\"@id\":\"https:\\\/\\\/www.llacayacebal.com\\\/nuestra-historia\\\/#breadcrumb\"},\"inLanguage\":\"en-US\",\"potentialAction\":[{\"@type\":\"ReadAction\",\"target\":[\"https:\\\/\\\/www.llacayacebal.com\\\/nuestra-historia\\\/\"]}]},{\"@type\":\"ImageObject\",\"inLanguage\":\"en-US\",\"@id\":\"https:\\\/\\\/www.llacayacebal.com\\\/nuestra-historia\\\/#primaryimage\",\"url\":\"https:\\\/\\\/www.llacayacebal.com\\\/wp-content\\\/uploads\\\/2024\\\/03\\\/A-7354-1-scaled.jpg\",\"contentUrl\":\"https:\\\/\\\/www.llacayacebal.com\\\/wp-content\\\/uploads\\\/2024\\\/03\\\/A-7354-1-scaled.jpg\"},{\"@type\":\"BreadcrumbList\",\"@id\":\"https:\\\/\\\/www.llacayacebal.com\\\/nuestra-historia\\\/#breadcrumb\",\"itemListElement\":[{\"@type\":\"ListItem\",\"position\":1,\"name\":\"Inicio\",\"item\":\"https:\\\/\\\/www.llacayacebal.com\\\/\"},{\"@type\":\"ListItem\",\"position\":2,\"name\":\"Nuestra historia\"}]},{\"@type\":\"WebSite\",\"@id\":\"https:\\\/\\\/www.llacayacebal.com\\\/#website\",\"url\":\"https:\\\/\\\/www.llacayacebal.com\\\/\",\"name\":\"Llaca & Acebal Asesor\u00eda\",\"description\":\"Asesor\u00eda fiscal, laboral y contable. Administraci\u00f3n de fincas.\",\"publisher\":{\"@id\":\"https:\\\/\\\/www.llacayacebal.com\\\/#organization\"},\"potentialAction\":[{\"@type\":\"SearchAction\",\"target\":{\"@type\":\"EntryPoint\",\"urlTemplate\":\"https:\\\/\\\/www.llacayacebal.com\\\/?s={search_term_string}\"},\"query-input\":{\"@type\":\"PropertyValueSpecification\",\"valueRequired\":true,\"valueName\":\"search_term_string\"}}],\"inLanguage\":\"en-US\"},{\"@type\":\"Organization\",\"@id\":\"https:\\\/\\\/www.llacayacebal.com\\\/#organization\",\"name\":\"Llaca & Acebal Asesor\u00eda\",\"url\":\"https:\\\/\\\/www.llacayacebal.com\\\/\",\"logo\":{\"@type\":\"ImageObject\",\"inLanguage\":\"en-US\",\"@id\":\"https:\\\/\\\/www.llacayacebal.com\\\/#\\\/schema\\\/logo\\\/image\\\/\",\"url\":\"https:\\\/\\\/www.llacayacebal.com\\\/wp-content\\\/uploads\\\/2024\\\/02\\\/Copia-2-de-llaca-logo-scaled.jpg\",\"contentUrl\":\"https:\\\/\\\/www.llacayacebal.com\\\/wp-content\\\/uploads\\\/2024\\\/02\\\/Copia-2-de-llaca-logo-scaled.jpg\",\"width\":2173,\"height\":1200,\"caption\":\"Llaca & Acebal Asesor\u00eda\"},\"image\":{\"@id\":\"https:\\\/\\\/www.llacayacebal.com\\\/#\\\/schema\\\/logo\\\/image\\\/\"}}]}<\/script>\n<!-- \/ Yoast SEO plugin. -->","yoast_head_json":{"title":"Our history - Llaca &amp; Acebal Asesor\u00eda","description":"Learn about the history, mission and values of Llaca &amp; Acebal","robots":{"index":"index","follow":"follow","max-snippet":"max-snippet:-1","max-image-preview":"max-image-preview:large","max-video-preview":"max-video-preview:-1"},"canonical":"https:\/\/www.llacayacebal.com\/en\/our-history\/","og_locale":"en_US","og_type":"article","og_title":"Nuestra historia - Llaca &amp; Acebal Asesor\u00eda","og_description":"Conoce la historia, misi\u00f3n y valores de Llaca & Acebal","og_url":"https:\/\/www.llacayacebal.com\/en\/our-history\/","og_site_name":"Llaca &amp; Acebal Asesor\u00eda","article_modified_time":"2024-03-30T18:45:27+00:00","og_image":[{"url":"https:\/\/www.llacayacebal.com\/wp-content\/uploads\/2024\/03\/A-7354-1-scaled.jpg","type":"","width":"","height":""}],"twitter_card":"summary_large_image","schema":{"@context":"https:\/\/schema.org","@graph":[{"@type":"WebPage","@id":"https:\/\/www.llacayacebal.com\/nuestra-historia\/","url":"https:\/\/www.llacayacebal.com\/nuestra-historia\/","name":"Our history - Llaca &amp; Acebal Asesor\u00eda","isPartOf":{"@id":"https:\/\/www.llacayacebal.com\/#website"},"primaryImageOfPage":{"@id":"https:\/\/www.llacayacebal.com\/nuestra-historia\/#primaryimage"},"image":{"@id":"https:\/\/www.llacayacebal.com\/nuestra-historia\/#primaryimage"},"thumbnailUrl":"https:\/\/www.llacayacebal.com\/wp-content\/uploads\/2024\/03\/A-7354-1-scaled.jpg","datePublished":"2024-03-14T18:20:28+00:00","dateModified":"2024-03-30T18:45:27+00:00","description":"Learn about the history, mission and values of Llaca &amp; Acebal","breadcrumb":{"@id":"https:\/\/www.llacayacebal.com\/nuestra-historia\/#breadcrumb"},"inLanguage":"en-US","potentialAction":[{"@type":"ReadAction","target":["https:\/\/www.llacayacebal.com\/nuestra-historia\/"]}]},{"@type":"ImageObject","inLanguage":"en-US","@id":"https:\/\/www.llacayacebal.com\/nuestra-historia\/#primaryimage","url":"https:\/\/www.llacayacebal.com\/wp-content\/uploads\/2024\/03\/A-7354-1-scaled.jpg","contentUrl":"https:\/\/www.llacayacebal.com\/wp-content\/uploads\/2024\/03\/A-7354-1-scaled.jpg"},{"@type":"BreadcrumbList","@id":"https:\/\/www.llacayacebal.com\/nuestra-historia\/#breadcrumb","itemListElement":[{"@type":"ListItem","position":1,"name":"Inicio","item":"https:\/\/www.llacayacebal.com\/"},{"@type":"ListItem","position":2,"name":"Nuestra historia"}]},{"@type":"WebSite","@id":"https:\/\/www.llacayacebal.com\/#website","url":"https:\/\/www.llacayacebal.com\/","name":"Llaca &amp; Acebal Asesor\u00eda","description":"Tax, labor and accounting advice. Farm administration.","publisher":{"@id":"https:\/\/www.llacayacebal.com\/#organization"},"potentialAction":[{"@type":"SearchAction","target":{"@type":"EntryPoint","urlTemplate":"https:\/\/www.llacayacebal.com\/?s={search_term_string}"},"query-input":{"@type":"PropertyValueSpecification","valueRequired":true,"valueName":"search_term_string"}}],"inLanguage":"en-US"},{"@type":"Organization","@id":"https:\/\/www.llacayacebal.com\/#organization","name":"Llaca &amp; Acebal Asesor\u00eda","url":"https:\/\/www.llacayacebal.com\/","logo":{"@type":"ImageObject","inLanguage":"en-US","@id":"https:\/\/www.llacayacebal.com\/#\/schema\/logo\/image\/","url":"https:\/\/www.llacayacebal.com\/wp-content\/uploads\/2024\/02\/Copia-2-de-llaca-logo-scaled.jpg","contentUrl":"https:\/\/www.llacayacebal.com\/wp-content\/uploads\/2024\/02\/Copia-2-de-llaca-logo-scaled.jpg","width":2173,"height":1200,"caption":"Llaca & Acebal Asesor\u00eda"},"image":{"@id":"https:\/\/www.llacayacebal.com\/#\/schema\/logo\/image\/"}}]}},"_links":{"self":[{"href":"https:\/\/www.llacayacebal.com\/en\/wp-json\/wp\/v2\/pages\/1176","targetHints":{"allow":["GET"]}}],"collection":[{"href":"https:\/\/www.llacayacebal.com\/en\/wp-json\/wp\/v2\/pages"}],"about":[{"href":"https:\/\/www.llacayacebal.com\/en\/wp-json\/wp\/v2\/types\/page"}],"author":[{"embeddable":true,"href":"https:\/\/www.llacayacebal.com\/en\/wp-json\/wp\/v2\/users\/1"}],"replies":[{"embeddable":true,"href":"https:\/\/www.llacayacebal.com\/en\/wp-json\/wp\/v2\/comments?post=1176"}],"version-history":[{"count":28,"href":"https:\/\/www.llacayacebal.com\/en\/wp-json\/wp\/v2\/pages\/1176\/revisions"}],"predecessor-version":[{"id":1215,"href":"https:\/\/www.llacayacebal.com\/en\/wp-json\/wp\/v2\/pages\/1176\/revisions\/1215"}],"wp:attachment":[{"href":"https:\/\/www.llacayacebal.com\/en\/wp-json\/wp\/v2\/media?parent=1176"}],"curies":[{"name":"wp","href":"https:\/\/api.w.org\/{rel}","templated":true}]}}